{"id":4540,"date":"2026-03-05T21:39:40","date_gmt":"2026-03-06T00:39:40","guid":{"rendered":"https:\/\/poolsfy.com\/?page_id=4540"},"modified":"2026-03-05T21:39:57","modified_gmt":"2026-03-06T00:39:57","slug":"ia-madri-piscinas","status":"publish","type":"page","link":"https:\/\/poolsfy.com\/es\/ia-madri-piscinas\/","title":{"rendered":"IA Madri Piscinas"},"content":{"rendered":"\t\t<div data-elementor-type=\"wp-page\" data-elementor-id=\"4540\" class=\"elementor elementor-4540\" data-elementor-post-type=\"page\">\n\t\t\t\t\t\t<section class=\"elementor-section elementor-top-section elementor-element elementor-element-b830efe elementor-section-boxed elementor-section-height-default elementor-section-height-default\" data-id=\"b830efe\" data-element_type=\"section\" data-e-type=\"section\">\n\t\t\t\t\t\t<div class=\"elementor-container elementor-column-gap-default\">\n\t\t\t\t\t<div class=\"elementor-column elementor-col-100 elementor-top-column elementor-element elementor-element-a5c6ef6\" data-id=\"a5c6ef6\" data-element_type=\"column\" data-e-type=\"column\">\n\t\t\t<div class=\"elementor-widget-wrap elementor-element-populated\">\n\t\t\t\t\t\t<div class=\"elementor-element elementor-element-4a03ed0 elementor-widget elementor-widget-text-editor\" data-id=\"4a03ed0\" data-element_type=\"widget\" data-e-type=\"widget\" data-widget_type=\"text-editor.default\">\n\t\t\t\t<div class=\"elementor-widget-container\">\n\t\t\t\t\t\t\t\t\t<p>    <div class=\"aipkit_chat_container aipkit-theme-light  aipkit-has-main-footer aipkit-sidebar-state-closed   \" id=\"aipkit_chat_container_4514\" data-bot-id=\"4514\" data-config='{&quot;botId&quot;:4514,&quot;ajaxUrl&quot;:&quot;https:\\\/\\\/poolsfy.com\\\/wp-admin\\\/admin-ajax.php&quot;,&quot;nonce&quot;:&quot;d8ef40c13d&quot;,&quot;postId&quot;:0,&quot;theme&quot;:&quot;light&quot;,&quot;popupEnabled&quot;:false,&quot;popupPosition&quot;:&quot;bottom-right&quot;,&quot;popupDelay&quot;:1,&quot;popupIconType&quot;:&quot;default&quot;,&quot;popupIconStyle&quot;:&quot;circle&quot;,&quot;popupIconValue&quot;:&quot;spark&quot;,&quot;popupIconSize&quot;:&quot;medium&quot;,&quot;customThemePresetKey&quot;:&quot;&quot;,&quot;popupLabelEnabled&quot;:false,&quot;popupLabelText&quot;:&quot;&quot;,&quot;popupLabelMode&quot;:&quot;on_delay&quot;,&quot;popupLabelDelaySeconds&quot;:2,&quot;popupLabelAutoHideSeconds&quot;:0,&quot;popupLabelDismissible&quot;:true,&quot;popupLabelFrequency&quot;:&quot;once_per_visitor&quot;,&quot;popupLabelShowOnMobile&quot;:true,&quot;popupLabelShowOnDesktop&quot;:true,&quot;popupLabelVersion&quot;:&quot;&quot;,&quot;popupLabelSize&quot;:&quot;medium&quot;,&quot;streamEnabled&quot;:true,&quot;footerText&quot;:&quot;PoolsFy&quot;,&quot;headerAvatarType&quot;:&quot;default&quot;,&quot;headerAvatarValue&quot;:&quot;spark&quot;,&quot;headerAvatarUrl&quot;:&quot;&quot;,&quot;headerOnlineText&quot;:&quot;Online&quot;,&quot;enableFullscreen&quot;:true,&quot;enableDownload&quot;:false,&quot;enableCopyButton&quot;:false,&quot;enableFeedback&quot;:true,&quot;enableSidebar&quot;:false,&quot;pdfDownloadActive&quot;:false,&quot;headerName&quot;:&quot;IA Madri&quot;,&quot;enableStarters&quot;:true,&quot;starters&quot;:[&quot;Qual a Revenda mais Pr\u00f3xima?&quot;,&quot;Desejo Or\u00e7amento&quot;,&quot;Modelos de Piscinas&quot;,&quot;Ajuda com o tratamento da \u00e1gua&quot;],&quot;userIp&quot;:&quot;216.73.216.5&quot;,&quot;bannedIpsConfig&quot;:{&quot;ipsList&quot;:&quot;&quot;,&quot;message&quot;:&quot;&quot;},&quot;bannedWordsConfig&quot;:{&quot;wordsList&quot;:&quot;&quot;,&quot;message&quot;:&quot;&quot;},&quot;requireConsentCompliance&quot;:false,&quot;ttsEnabled&quot;:false,&quot;ttsAutoPlay&quot;:false,&quot;ttsProvider&quot;:&quot;Google&quot;,&quot;ttsVoiceId&quot;:&quot;&quot;,&quot;ttsOpenAIModelId&quot;:&quot;tts-1&quot;,&quot;ttsElevenLabsModelId&quot;:&quot;&quot;,&quot;enableVoiceInputUI&quot;:false,&quot;enableRealtimeVoiceUI&quot;:false,&quot;directVoiceMode&quot;:false,&quot;realtimeModel&quot;:&quot;gpt-4o-realtime-preview&quot;,&quot;sttProvider&quot;:&quot;OpenAI&quot;,&quot;imageTriggers&quot;:&quot;\\\/image,\\\/generate&quot;,&quot;fileUploadEnabledUI&quot;:false,&quot;imageUploadEnabledUI&quot;:true,&quot;inputActionButtonEnabled&quot;:true,&quot;provider&quot;:&quot;OpenAI&quot;,&quot;vectorStoreProvider&quot;:&quot;openai&quot;,&quot;enableOpenAIConversationState&quot;:false,&quot;allowWebSearchTool&quot;:false,&quot;webToggleDefaultOn&quot;:false,&quot;allowGoogleSearchGrounding&quot;:false,&quot;googleGroundingMode&quot;:&quot;DEFAULT_MODE&quot;,&quot;googleGroundingDynamicThreshold&quot;:0.3,&quot;customThemeSettings&quot;:[],&quot;text&quot;:{&quot;sendMessage&quot;:&quot;Send Message&quot;,&quot;sending&quot;:&quot;Sending...&quot;,&quot;typeMessage&quot;:&quot;Envie sua d\u00favida ou solicita\u00e7\u00e3o&quot;,&quot;thinking&quot;:&quot;Thinking&quot;,&quot;streaming&quot;:&quot;Streaming...&quot;,&quot;errorPrefix&quot;:&quot;Error:&quot;,&quot;userPrefix&quot;:&quot;User&quot;,&quot;clearChat&quot;:&quot;Clear Chat&quot;,&quot;fullscreen&quot;:&quot;Fullscreen&quot;,&quot;exitFullscreen&quot;:&quot;Exit Fullscreen&quot;,&quot;download&quot;:&quot;Download Transcript&quot;,&quot;downloadTxt&quot;:&quot;Download TXT&quot;,&quot;downloadPdf&quot;:&quot;Download PDF&quot;,&quot;downloadEmpty&quot;:&quot;Nothing to download.&quot;,&quot;pdfError&quot;:&quot;Could not generate PDF. jsPDF library might be missing.&quot;,&quot;streamError&quot;:&quot;Stream error. Please try again.&quot;,&quot;connError&quot;:&quot;Connection error. Please try again.&quot;,&quot;initialGreeting&quot;:&quot;Bem vindo a Madri Piscinas&quot;,&quot;initialSubgreeting&quot;:&quot;Como posso lhe ajudar?&quot;,&quot;sidebarToggle&quot;:&quot;Toggle Conversation Sidebar&quot;,&quot;newChat&quot;:&quot;New Chat&quot;,&quot;conversations&quot;:&quot;Conversations&quot;,&quot;historyGuests&quot;:&quot;History unavailable for guests.&quot;,&quot;historyEmpty&quot;:&quot;No past conversations.&quot;,&quot;feedbackLikeLabel&quot;:&quot;Like response&quot;,&quot;feedbackDislikeLabel&quot;:&quot;Dislike response&quot;,&quot;feedbackSubmitted&quot;:&quot;Feedback submitted&quot;,&quot;copyActionLabel&quot;:&quot;Copy response&quot;,&quot;copyCodeLabel&quot;:&quot;Copy code&quot;,&quot;consentTitle&quot;:&quot;Consent Required&quot;,&quot;consentMessage&quot;:&quot;Before starting the conversation, please agree to our Terms of Service and Privacy Policy.&quot;,&quot;consentButton&quot;:&quot;I Agree&quot;,&quot;playActionLabel&quot;:&quot;Play audio&quot;,&quot;imageCommandEmptyPrompt&quot;:&quot;Please provide a description after the image command (e.g., \\\/image a cat playing with a ball).&quot;,&quot;pauseActionLabel&quot;:&quot;Pause audio&quot;,&quot;webSearchToggle&quot;:&quot;Toggle Web Search&quot;,&quot;webSearchActive&quot;:&quot;Web Search Active&quot;,&quot;webSearchInactive&quot;:&quot;Web Search Inactive&quot;,&quot;googleSearchGroundingToggle&quot;:&quot;Toggle Google Search Grounding&quot;,&quot;googleSearchGroundingActive&quot;:&quot;Google Search Grounding Active&quot;,&quot;googleSearchGroundingInactive&quot;:&quot;Google Search Grounding Inactive&quot;,&quot;dismissHint&quot;:&quot;Dismiss&quot;},&quot;customTypingText&quot;:&quot;Analisando&quot;}'  >\n                <div class=\"aipkit_chat_main\">\n                                 <div class=\"aipkit_chat_header\">\n        <div class=\"aipkit_header_info\">\n                                <\/div>\n        <div class=\"aipkit_header_actions\">\n                            <button type=\"button\" class=\"aipkit_header_btn aipkit_fullscreen_btn\" title=\"Fullscreen\" aria-label=\"Fullscreen\" aria-expanded=\"false\">\n                    <svg  xmlns=\"http:\/\/www.w3.org\/2000\/svg\"  width=\"24\"  height=\"24\"  viewBox=\"0 0 24 24\"  fill=\"none\"  stroke=\"currentColor\"  stroke-width=\"2\"  stroke-linecap=\"round\"  stroke-linejoin=\"round\"  class=\"icon icon-tabler icons-tabler-outline icon-tabler-arrows-maximize\"><path stroke=\"none\" d=\"M0 0h24v24H0z\" fill=\"none\"\/><path d=\"M16 4l4 0l0 4\" \/><path d=\"M14 10l6 -6\" \/><path d=\"M8 20l-4 0l0 -4\" \/><path d=\"M4 20l6 -6\" \/><path d=\"M16 20l4 0l0 -4\" \/><path d=\"M14 14l6 6\" \/><path d=\"M8 4l-4 0l0 4\" \/><path d=\"M4 4l6 6\" \/><\/svg>                <\/button>\n                                            <\/div>\n    <\/div>\n                             <div class=\"aipkit_chat_messages\"><\/div>\n                             <div class=\"aipkit_conversation_starters\"><\/div>\n                             <div class=\"aipkit_chat_input\">\n        <div class=\"aipkit_chat_input_wrapper\">\n            <textarea\n                id=\"aipkit_chat_input_field_4514\"\n                name=\"aipkit_chat_message_4514\"\n                class=\"aipkit_chat_input_field\"\n                placeholder=\"Envie sua d\u00favida ou solicita\u00e7\u00e3o\"\n                aria-label=\"Chat message input\"\n                rows=\"1\"\n            ><\/textarea>\n             <div class=\"aipkit_chat_input_actions_bar\">\n                <div class=\"aipkit_chat_input_actions_left\">\n                    <button\n                        type=\"button\"\n                        class=\"aipkit_input_action_btn aipkit_input_action_toggle\"\n                        aria-label=\"Upload Image\"\n                        role=\"button\"\n                                                                    >\n                        <svg xmlns=\"http:\/\/www.w3.org\/2000\/svg\" width=\"24\" height=\"24\" viewBox=\"0 0 24 24\" fill=\"none\" stroke=\"currentColor\" stroke-width=\"2\" stroke-linecap=\"round\" stroke-linejoin=\"round\" class=\"icon icon-tabler icons-tabler-outline icon-tabler-photo-up\"><path stroke=\"none\" d=\"M0 0h24v24H0z\" fill=\"none\"\/><path d=\"M15 8h.01\" \/><path d=\"M12.5 21h-6.5a3 3 0 0 1 -3 -3v-12a3 3 0 0 1 3 -3h12a3 3 0 0 1 3 3v6.5\" \/><path d=\"M3 16l5 -5c.928 -.893 2.072 -.893 3 0l3.5 3.5\" \/><path d=\"M14 14l1 -1c.679 -.653 1.473 -.829 2.214 -.526\" \/><path d=\"M19 22v-6\" \/><path d=\"M22 19l-3 -3l-3 3\" \/><\/svg>                    <\/button>\n                                                         <\/div>\n                <div class=\"aipkit_chat_input_actions_right\">\n                    <button\n                        class=\"aipkit_input_action_btn aipkit_realtime_voice_agent_btn\"\n                        aria-label=\"Start Voice Conversation\"\n                        title=\"Start Voice Conversation\"\n                        type=\"button\"\n                        hidden                    >\n                        <svg xmlns=\"http:\/\/www.w3.org\/2000\/svg\" width=\"24\" height=\"24\" viewBox=\"0 0 24 24\" fill=\"none\" stroke=\"currentColor\" stroke-width=\"2\" stroke-linecap=\"round\" stroke-linejoin=\"round\" class=\"icon icon-tabler icons-tabler-outline icon-tabler-volume\"><path stroke=\"none\" d=\"M0 0h24v24H0z\" fill=\"none\"\/><path d=\"M15 8a5 5 0 0 1 0 8\" \/><path d=\"M17.7 5a9 9 0 0 1 0 14\" \/><path d=\"M6 15h-2a1 1 0 0 1 -1 -1v-4a1 1 0 0 1 1 -1h2l3.5 -4.5a.8 .8 0 0 1 1.5 .5v14a.8 .8 0 0 1 -1.5 .5l-3.5 -4.5\" \/><\/svg>                    <\/button>\n                    <button\n                        class=\"aipkit_input_action_btn aipkit_voice_input_btn\"\n                        aria-label=\"Voice input\"\n                        title=\"Voice input\"\n                        type=\"button\"\n                        hidden                    >\n                        <svg xmlns=\"http:\/\/www.w3.org\/2000\/svg\" width=\"24\" height=\"24\" viewBox=\"0 0 24 24\" fill=\"none\" stroke=\"currentColor\" stroke-width=\"2\" stroke-linecap=\"round\" stroke-linejoin=\"round\" class=\"icon icon-tabler icons-tabler-outline icon-tabler-microphone\"><path stroke=\"none\" d=\"M0 0h24v24H0z\" fill=\"none\"\/><path d=\"M9 2m0 3a3 3 0 0 1 3 -3h0a3 3 0 0 1 3 3v5a3 3 0 0 1 -3 3h0a3 3 0 0 1 -3 -3z\" \/><path d=\"M5 10a7 7 0 0 0 14 0\" \/><path d=\"M8 21l8 0\" \/><path d=\"M12 17l0 4\" \/><\/svg>                    <\/button>\n                    <button\n                        class=\"aipkit_input_action_btn aipkit_chat_action_btn aipkit_send_btn\"\n                        aria-label=\"Send Message\"\n                        title=\"Send Message\"\n                        type=\"button\"\n                    >\n                        <svg xmlns=\"http:\/\/www.w3.org\/2000\/svg\" width=\"24\" height=\"24\" viewBox=\"0 0 24 24\" fill=\"none\" stroke=\"currentColor\" stroke-width=\"2\" stroke-linecap=\"round\" stroke-linejoin=\"round\" class=\"icon icon-tabler icons-tabler-outline icon-tabler-arrow-up aipkit_send_icon\"><path stroke=\"none\" d=\"M0 0h24v24H0z\" fill=\"none\"\/><path d=\"M12 5l0 14\" \/><path d=\"M18 11l-6 -6\" \/><path d=\"M6 11l6 -6\" \/><\/svg>                        <svg xmlns=\"http:\/\/www.w3.org\/2000\/svg\" width=\"24\" height=\"24\" viewBox=\"0 0 24 24\" fill=\"none\" stroke=\"currentColor\" stroke-width=\"2\" stroke-linecap=\"round\" stroke-linejoin=\"round\" class=\"icon icon-tabler icons-tabler-outline icon-tabler-eraser aipkit_clear_icon\" hidden><path stroke=\"none\" d=\"M0 0h24v24H0z\" fill=\"none\"\/><path d=\"M19 20h-10.5l-4.21 -4.3a1 1 0 0 1 0 -1.41l10 -10a1 1 0 0 1 1.41 0l5 5a1 1 0 0 1 0 1.41l-9.2 9.3\" \/><path d=\"M18 13.3l-6.3 -6.3\" \/><\/svg>                        <span class=\"aipkit_spinner\" hidden><\/span>\n                    <\/button>\n                <\/div>\n            <\/div>\n        <\/div>\n            <\/div>\n                        <div class=\"aipkit_chat_footer\">PoolsFy<\/div>\n                <\/div>\n    <\/div>\n    <\/p>\t\t\t\t\t\t\t\t<\/div>\n\t\t\t\t<\/div>\n\t\t\t\t\t<\/div>\n\t\t<\/div>\n\t\t\t\t\t<\/div>\n\t\t<\/section>\n\t\t\t\t<\/div>\n\t\t","protected":false},"excerpt":{"rendered":"","protected":false},"author":1,"featured_media":0,"parent":0,"menu_order":0,"comment_status":"closed","ping_status":"closed","template":"elementor_canvas","meta":{"footnotes":""},"class_list":["post-4540","page","type-page","status-publish","hentry"],"_links":{"self":[{"href":"https:\/\/poolsfy.com\/es\/wp-json\/wp\/v2\/pages\/4540","targetHints":{"allow":["GET"]}}],"collection":[{"href":"https:\/\/poolsfy.com\/es\/wp-json\/wp\/v2\/pages"}],"about":[{"href":"https:\/\/poolsfy.com\/es\/wp-json\/wp\/v2\/types\/page"}],"author":[{"embeddable":true,"href":"https:\/\/poolsfy.com\/es\/wp-json\/wp\/v2\/users\/1"}],"replies":[{"embeddable":true,"href":"https:\/\/poolsfy.com\/es\/wp-json\/wp\/v2\/comments?post=4540"}],"version-history":[{"count":4,"href":"https:\/\/poolsfy.com\/es\/wp-json\/wp\/v2\/pages\/4540\/revisions"}],"predecessor-version":[{"id":4546,"href":"https:\/\/poolsfy.com\/es\/wp-json\/wp\/v2\/pages\/4540\/revisions\/4546"}],"wp:attachment":[{"href":"https:\/\/poolsfy.com\/es\/wp-json\/wp\/v2\/media?parent=4540"}],"curies":[{"name":"wp","href":"https:\/\/api.w.org\/{rel}","templated":true}]}}